{"id":1697,"date":"2024-08-10T21:29:47","date_gmt":"2024-08-10T21:29:47","guid":{"rendered":"https:\/\/ad-m.co\/shop\/?page_id=1697"},"modified":"2024-08-10T21:37:23","modified_gmt":"2024-08-10T21:37:23","slug":"bize-ulasin-maria-magazasi","status":"publish","type":"page","link":"https:\/\/ad-m.co\/shop-deprma\/tr\/bize-ulasin-maria-magazasi\/","title":{"rendered":"Bize ula\u015f\u0131n | Maria ma\u011fazas\u0131"},"content":{"rendered":"<p><strong>Bize ula\u015f\u0131n | Maria&#8217;n\u0131n ma\u011fazas\u0131<\/strong><\/p>\n<p><strong><a href=\"https:\/\/ad-m.co\/shop\/\">Bize<\/a> ula\u015fmak istiyorsan\u0131z formu doldurup mesaj\u0131n\u0131z\u0131 g\u00f6nderin. 24 saatten k\u0131sa s\u00fcrede yan\u0131t verece\u011fiz<\/strong><\/p>\n\n<div class=\"wpcf7 no-js\" id=\"wpcf7-f1699-o1\" lang=\"tr-TR\" dir=\"ltr\" data-wpcf7-id=\"1699\">\n<div class=\"screen-reader-response\"><p role=\"status\" aria-live=\"polite\" aria-atomic=\"true\"><\/p> <ul><\/ul><\/div>\n<form action=\"\/shop-deprma\/wp-json\/wp\/v2\/pages\/1697#wpcf7-f1699-o1\" method=\"post\" class=\"wpcf7-form init\" aria-label=\"\u0130leti\u015fim Formu\" novalidate=\"novalidate\" data-status=\"init\">\n<fieldset class=\"hidden-fields-container\"><input type=\"hidden\" name=\"_wpcf7\" value=\"1699\" \/><input type=\"hidden\" name=\"_wpcf7_version\" value=\"6.1.5\" \/><input type=\"hidden\" name=\"_wpcf7_locale\" value=\"tr_TR\" \/><input type=\"hidden\" name=\"_wpcf7_unit_tag\" value=\"wpcf7-f1699-o1\" \/><input type=\"hidden\" name=\"_wpcf7_container_post\" value=\"0\" \/><input type=\"hidden\" name=\"_wpcf7_posted_data_hash\" value=\"\" \/>\n<\/fieldset>\n<p><label> Ad\u0131n\u0131z<br \/>\n<span class=\"wpcf7-form-control-wrap\" data-name=\"your-name\"><input size=\"40\" maxlength=\"400\" class=\"wpcf7-form-control wpcf7-text wpcf7-validates-as-required\" autocomplete=\"name\" aria-required=\"true\" aria-invalid=\"false\" value=\"\" type=\"text\" name=\"your-name\" \/><\/span> <\/label>\n<\/p>\n<p><label> E-posta adresiniz<br \/>\n<span class=\"wpcf7-form-control-wrap\" data-name=\"your-email\"><input size=\"40\" maxlength=\"400\" class=\"wpcf7-form-control wpcf7-email wpcf7-validates-as-required wpcf7-text wpcf7-validates-as-email\" autocomplete=\"email\" aria-required=\"true\" aria-invalid=\"false\" value=\"\" type=\"email\" name=\"your-email\" \/><\/span> <\/label>\n<\/p>\n<p><label> Cep numaras\u0131<br \/>\n<span class=\"wpcf7-form-control-wrap\" data-name=\"tel\"><input size=\"40\" maxlength=\"400\" class=\"wpcf7-form-control wpcf7-tel wpcf7-text wpcf7-validates-as-tel\" aria-invalid=\"false\" value=\"\" type=\"tel\" name=\"tel\" \/><\/span><\/label>\n<\/p>\n<p><label> Konu<br \/>\n<span class=\"wpcf7-form-control-wrap\" data-name=\"your-subject\"><input size=\"40\" maxlength=\"400\" class=\"wpcf7-form-control wpcf7-text wpcf7-validates-as-required\" aria-required=\"true\" aria-invalid=\"false\" value=\"\" type=\"text\" name=\"your-subject\" \/><\/span> <\/label>\n<\/p>\n<p><label> \u0130letiniz (tercihe ba\u011fl\u0131)<br \/>\n<span class=\"wpcf7-form-control-wrap\" data-name=\"your-message\"><textarea cols=\"40\" rows=\"10\" maxlength=\"2000\" class=\"wpcf7-form-control wpcf7-textarea\" aria-invalid=\"false\" name=\"your-message\"><\/textarea><\/span> <\/label>\n<\/p>\n<p><input class=\"wpcf7-form-control wpcf7-submit has-spinner\" type=\"submit\" value=\"G\u00f6nder\" \/>\n<\/p><div class=\"wpcf7-response-output\" aria-hidden=\"true\"><\/div>\n<\/form>\n<\/div>\n\n","protected":false},"excerpt":{"rendered":"<p>Bize ula\u015f\u0131n | Maria&#8217;n\u0131n ma\u011fazas\u0131 Bize ula\u015fmak istiyorsan\u0131z formu doldurup mesaj\u0131n\u0131z\u0131 g\u00f6nderin. 24 saatten k\u0131sa s\u00fcrede yan\u0131t verece\u011fiz<\/p>\n","protected":false},"author":1,"featured_media":0,"parent":0,"menu_order":0,"comment_status":"closed","ping_status":"closed","template":"","meta":{"footnotes":""},"class_list":["post-1697","page","type-page","status-publish","hentry"],"lang":"tr","translations":{"tr":1697,"ar":21,"en":1726},"pll_sync_post":[],"_links":{"self":[{"href":"https:\/\/ad-m.co\/shop-deprma\/wp-json\/wp\/v2\/pages\/1697","targetHints":{"allow":["GET"]}}],"collection":[{"href":"https:\/\/ad-m.co\/shop-deprma\/wp-json\/wp\/v2\/pages"}],"about":[{"href":"https:\/\/ad-m.co\/shop-deprma\/wp-json\/wp\/v2\/types\/page"}],"author":[{"embeddable":true,"href":"https:\/\/ad-m.co\/shop-deprma\/wp-json\/wp\/v2\/users\/1"}],"replies":[{"embeddable":true,"href":"https:\/\/ad-m.co\/shop-deprma\/wp-json\/wp\/v2\/comments?post=1697"}],"version-history":[{"count":3,"href":"https:\/\/ad-m.co\/shop-deprma\/wp-json\/wp\/v2\/pages\/1697\/revisions"}],"predecessor-version":[{"id":1701,"href":"https:\/\/ad-m.co\/shop-deprma\/wp-json\/wp\/v2\/pages\/1697\/revisions\/1701"}],"wp:attachment":[{"href":"https:\/\/ad-m.co\/shop-deprma\/wp-json\/wp\/v2\/media?parent=1697"}],"curies":[{"name":"wp","href":"https:\/\/api.w.org\/{rel}","templated":true}]}}